{"id":15,"date":"2013-03-07T11:38:15","date_gmt":"2013-03-07T11:38:15","guid":{"rendered":"http:\/\/wordpress.kinesa.se\/?page_id=15"},"modified":"2022-11-22T19:26:45","modified_gmt":"2022-11-22T18:26:45","slug":"agarskifte-med-publikt-kapital","status":"publish","type":"page","link":"https:\/\/emtorget.se\/portal\/agarskifte-med-publikt-kapital\/","title":{"rendered":"\u00c4garskifte med publikt kapital"},"content":{"rendered":"<h1><b>\u00c4garskifte med publikt kapital<\/b><\/h1>\n<p>\u00c4garskifte med publikt kapital \u00e4r ett nytt s\u00e4tt att genomf\u00f6ra \u00e4garskiften i l\u00f6nsamma bolag, som till exempel kan st\u00e5 inf\u00f6r ett generationsskifte.<\/p>\n<p>I Sverige finns 15 000 aktiebolag med ett resultat efter skatt i intervallet 1 &#8211; 10 miljoner kronor och 5 000 aktiebolag med ett resultat efter skatt i intervallet 10 &#8211; 50 miljoner kronor (k\u00e4lla: UC). M\u00e5nga av dessa l\u00f6nsamma bolag \u00e4r \u00e4garledda av f\u00f6retagare som kommer att g\u00e5 i pension den n\u00e4rmaste tio\u00e5rsperioden.<\/p>\n<p>F\u00e4rre f\u00f6retag g\u00e5r i arv inom familjen. P\u00e5 k\u00f6parsidan saknas ofta kapital. Anst\u00e4llda i ledande befattning kan ibland vara l\u00e4mpliga k\u00f6pare, men har inte alltid r\u00e5d att k\u00f6pa. Priserna p\u00e5 f\u00f6retag som s\u00e4ljs \u00e4r d\u00e4rf\u00f6r l\u00e5ga, med p\/e-tal i intervallet 4 till 7 (resultat efter skatt).<\/p>\n<h2><b>Investera i \u00c4garskiftesbolag<\/b><\/h2>\n<p>\u00c4garskifte med publikt kapital drivs av Vellenova AB. L\u00f6sningen inneb\u00e4r att ge privatinvesterare m\u00f6jlighet att k\u00f6pa aktier i l\u00f6nsamma bolag.<\/p>\n<p>Nya verkst\u00e4llande huvud\u00e4gare kan vara yngre anst\u00e4llda som kan k\u00f6pa 10 &#8211; 20 procent av aktierna, men som inte har r\u00e5d att k\u00f6pa <i>hela <\/i>bolaget. Privatinvesterare erbjuds att k\u00f6pa \u00f6vriga aktier, samtidigt som bolaget listas p\u00e5 en sm\u00e5bolagsb\u00f6rs.<\/p>\n<p>Med ett p\/e-tal p\u00e5 mellan 4 &#8211; 7 kan direktavkastningen bli h\u00f6g, cirka 10 procent per \u00e5r. Generellt \u00e4r det b\u00e4ttre att investera i l\u00f6nsamma f\u00f6retag som kan l\u00e4mna en h\u00f6g utdelning \u00e4n i riskabla f\u00f6rhoppningsbolag (bolag som \u00e4nnu inte n\u00e5tt l\u00f6nsamhet).<\/p>\n<h2><b>Anm\u00e4l Dig till v\u00e5rt investerarn\u00e4tverk <\/b><\/h2>\n<p>Anm\u00e4l Dig till EmissionsTorgets <a title=\"Investerarn\u00e4tverk\" href=\"http:\/\/emissionstorget.se\/portal\/investerarnatverk\/\">investerarn\u00e4tverk<\/a> (gratis) s\u00e5 f\u00e5 du automatiskt erbjudanden att investera.<\/p>\n<p>Du kan ocks\u00e5 l\u00e4sa mer om \u201d\u00c4garskifte med publikt kapital\u201d p\u00e5 hemsidan <a href=\"http:\/\/www.\u00e4garskifte.net\" target=\"_blank\">www.\u00e4garskifte.net<\/a>.<\/p>\n","protected":false},"excerpt":{"rendered":"<p>\u00c4garskifte med publikt kapital \u00c4garskifte med publikt kapital \u00e4r ett nytt s\u00e4tt att genomf\u00f6ra \u00e4garskiften i l\u00f6nsamma bolag, som till exempel kan st\u00e5 inf\u00f6r ett generationsskifte. I Sverige finns 15 000 aktiebolag med ett resultat efter skatt i intervallet 1 &#8211; 10 miljoner kronor och 5 000 aktiebolag med ett resultat efter skatt i intervallet [&hellip;]<\/p>\n","protected":false},"author":1,"featured_media":0,"parent":0,"menu_order":0,"comment_status":"closed","ping_status":"open","template":"","meta":[],"_links":{"self":[{"href":"https:\/\/emtorget.se\/portal\/wp-json\/wp\/v2\/pages\/15"}],"collection":[{"href":"https:\/\/emtorget.se\/portal\/wp-json\/wp\/v2\/pages"}],"about":[{"href":"https:\/\/emtorget.se\/portal\/wp-json\/wp\/v2\/types\/page"}],"author":[{"embeddable":true,"href":"https:\/\/emtorget.se\/portal\/wp-json\/wp\/v2\/users\/1"}],"replies":[{"embeddable":true,"href":"https:\/\/emtorget.se\/portal\/wp-json\/wp\/v2\/comments?post=15"}],"version-history":[{"count":4,"href":"https:\/\/emtorget.se\/portal\/wp-json\/wp\/v2\/pages\/15\/revisions"}],"predecessor-version":[{"id":587,"href":"https:\/\/emtorget.se\/portal\/wp-json\/wp\/v2\/pages\/15\/revisions\/587"}],"wp:attachment":[{"href":"https:\/\/emtorget.se\/portal\/wp-json\/wp\/v2\/media?parent=15"}],"curies":[{"name":"wp","href":"https:\/\/api.w.org\/{rel}","templated":true}]}}