{"id":8,"date":"2013-03-07T11:31:47","date_gmt":"2013-03-07T11:31:47","guid":{"rendered":"http:\/\/wordpress.kinesa.se\/?page_id=7"},"modified":"2022-11-22T19:25:46","modified_gmt":"2022-11-22T18:25:46","slug":"kontakta-oss","status":"publish","type":"page","link":"https:\/\/emtorget.se\/portal\/kontakta-oss\/","title":{"rendered":"Kontakta oss"},"content":{"rendered":"\n<div class=\"wpcf7 no-js\" id=\"wpcf7-f50-o1\" lang=\"en-US\" dir=\"ltr\">\n<div class=\"screen-reader-response\"><p role=\"status\" aria-live=\"polite\" aria-atomic=\"true\"><\/p> <ul><\/ul><\/div>\n<form action=\"\/portal\/wp-json\/wp\/v2\/pages\/8#wpcf7-f50-o1\" method=\"post\" class=\"wpcf7-form init\" aria-label=\"Contact form\" novalidate=\"novalidate\" data-status=\"init\">\n<div style=\"display: none;\">\n<input type=\"hidden\" name=\"_wpcf7\" value=\"50\" \/>\n<input type=\"hidden\" name=\"_wpcf7_version\" value=\"5.7.6\" \/>\n<input type=\"hidden\" name=\"_wpcf7_locale\" value=\"en_US\" \/>\n<input type=\"hidden\" name=\"_wpcf7_unit_tag\" value=\"wpcf7-f50-o1\" \/>\n<input type=\"hidden\" name=\"_wpcf7_container_post\" value=\"0\" \/>\n<input type=\"hidden\" name=\"_wpcf7_posted_data_hash\" value=\"\" \/>\n<\/div>\n<div id=\"formLeft\">\n\t<p><label for=\"Namn\">Namn<\/label>\n\t<\/p>\n<\/div>\n<div id=\"formRight\">\n\t<p><span class=\"wpcf7-form-control-wrap\" data-name=\"Namn\"><input size=\"40\" class=\"wpcf7-form-control wpcf7-text form_field\" id=\"Namn\" aria-invalid=\"false\" value=\"\" type=\"text\" name=\"Namn\" \/><\/span>\n\t<\/p>\n<\/div>\n<div id=\"formLeft\">\n\t<p><label for=\"F\u00f6retag\">F\u00f6retag<\/label>\n\t<\/p>\n<\/div>\n<div id=\"formRight\">\n\t<p><span class=\"wpcf7-form-control-wrap\" data-name=\"Fretag\"><input size=\"40\" class=\"wpcf7-form-control wpcf7-text form_field\" id=\"Fretag\" aria-invalid=\"false\" value=\"\" type=\"text\" name=\"Fretag\" \/><\/span>\n\t<\/p>\n<\/div>\n<div id=\"formLeft\">\n\t<p><label for=\"E-postadress\">E-postadress<\/label>\n\t<\/p>\n<\/div>\n<div id=\"formRight\">\n\t<p><span class=\"wpcf7-form-control-wrap\" data-name=\"E-postadress\"><input size=\"40\" class=\"wpcf7-form-control wpcf7-text form_field\" id=\"E-postadress\" aria-invalid=\"false\" value=\"\" type=\"text\" name=\"E-postadress\" \/><\/span>\n\t<\/p>\n<\/div>\n<div id=\"formLeft\">\n\t<p><label for=\"Telefonnummer\">Telefonnummer<\/label>\n\t<\/p>\n<\/div>\n<div id=\"formRight\">\n\t<p><span class=\"wpcf7-form-control-wrap\" data-name=\"Telefonnummer\"><input size=\"40\" class=\"wpcf7-form-control wpcf7-text form_field\" id=\"Telefonnummer\" aria-invalid=\"false\" value=\"\" type=\"text\" name=\"Telefonnummer\" \/><\/span>\n\t<\/p>\n<\/div>\n<div id=\"formLeft\">\n\t<p><label for=\"Omrade\">Omr\u00e5de<\/label>\n\t<\/p>\n<\/div>\n<div id=\"formRight\">\n\t<p><span class=\"wpcf7-form-control-wrap\" data-name=\"Omrade\"><input size=\"40\" class=\"wpcf7-form-control wpcf7-text form_field\" id=\"Omrade\" aria-invalid=\"false\" value=\"\" type=\"text\" name=\"Omrade\" \/><\/span>\n\t<\/p>\n<\/div>\n<div id=\"formLeft\">\n\t<p><label for=\"Meddelande\">Meddelande<\/label>\n\t<\/p>\n<\/div>\n<div id=\"formRight\">\n\t<p><span class=\"wpcf7-form-control-wrap\" data-name=\"Meddelande\"><textarea cols=\"40\" rows=\"10\" class=\"wpcf7-form-control wpcf7-textarea form_field\" id=\"Meddelande\" aria-invalid=\"false\" name=\"Meddelande\"><\/textarea><\/span>\n\t<\/p>\n<\/div>\n<div id=\"formLeft\">\n\t<p><label for=\"quiz\">V\u00e4nligen bekr\u00e4fta att du \u00e4r en m\u00e4nniska genom att ber\u00e4kna:<\/label>\n\t<\/p>\n<\/div>\n<div id=\"formRight\">\n\t<p><span class=\"wpcf7-form-control-wrap\" data-name=\"quiz-133\"><label><span class=\"wpcf7-quiz-label\">3+2=<\/span> <input size=\"40\" class=\"wpcf7-form-control wpcf7-quiz form_field\" id=\"quiz\" autocomplete=\"off\" aria-required=\"true\" aria-invalid=\"false\" type=\"text\" name=\"quiz-133\" \/><\/label><input type=\"hidden\" name=\"_wpcf7_quiz_answer_quiz-133\" value=\"1aed9be4814ae59795643cc12f56417d\" \/><\/span>\n\t<\/p>\n<\/div>\n<div id=\"formLeftnoBorder\">\n<\/div>\n<div id=\"formRight\">\n\t<p><input class=\"wpcf7-form-control has-spinner wpcf7-submit\" type=\"submit\" value=\"Skicka\" \/>\n\t<\/p>\n<\/div>\n<div style=\"clear: both;\">\n<\/div><div class=\"wpcf7-response-output\" aria-hidden=\"true\"><\/div>\n<\/form>\n<\/div>\n\n<p><a href=\"http:\/\/emissionstorget.se\/portal\/wp-content\/uploads\/2013\/03\/statcounter.gif\"><img decoding=\"async\" loading=\"lazy\" class=\"alignright size-full wp-image-55\" alt=\"statcounter\" src=\"http:\/\/emissionstorget.se\/portal\/wp-content\/uploads\/2013\/03\/statcounter.gif\" width=\"88\" height=\"31\" \/><\/a><\/p>\n","protected":false},"excerpt":{"rendered":"","protected":false},"author":1,"featured_media":0,"parent":0,"menu_order":0,"comment_status":"closed","ping_status":"open","template":"","meta":[],"_links":{"self":[{"href":"https:\/\/emtorget.se\/portal\/wp-json\/wp\/v2\/pages\/8"}],"collection":[{"href":"https:\/\/emtorget.se\/portal\/wp-json\/wp\/v2\/pages"}],"about":[{"href":"https:\/\/emtorget.se\/portal\/wp-json\/wp\/v2\/types\/page"}],"author":[{"embeddable":true,"href":"https:\/\/emtorget.se\/portal\/wp-json\/wp\/v2\/users\/1"}],"replies":[{"embeddable":true,"href":"https:\/\/emtorget.se\/portal\/wp-json\/wp\/v2\/comments?post=8"}],"version-history":[{"count":2,"href":"https:\/\/emtorget.se\/portal\/wp-json\/wp\/v2\/pages\/8\/revisions"}],"predecessor-version":[{"id":136,"href":"https:\/\/emtorget.se\/portal\/wp-json\/wp\/v2\/pages\/8\/revisions\/136"}],"wp:attachment":[{"href":"https:\/\/emtorget.se\/portal\/wp-json\/wp\/v2\/media?parent=8"}],"curies":[{"name":"wp","href":"https:\/\/api.w.org\/{rel}","templated":true}]}}