{"id":9,"date":"2013-03-07T11:32:02","date_gmt":"2013-03-07T11:32:02","guid":{"rendered":"http:\/\/wordpress.kinesa.se\/?page_id=9"},"modified":"2022-11-22T19:28:09","modified_gmt":"2022-11-22T18:28:09","slug":"om-emissionstorget","status":"publish","type":"page","link":"https:\/\/emtorget.se\/portal\/om-emissionstorget\/","title":{"rendered":"Om EmissionsTorget"},"content":{"rendered":"<h1><b>S\u00e5 h\u00e4r kan f\u00f6retag anv\u00e4nda EmissionsTorget<\/b><\/h1>\n<p>EmissionsTorget f\u00f6renklar f\u00f6r investerarna och s\u00e4nker marknadsf\u00f6ringskostnaderna f\u00f6r bolaget.<\/p>\n<p>P\u00e5 EmissionsTorget presenteras erbjudandet p\u00e5 ett samlat och trevligt s\u00e4tt. All tillh\u00f6rande information (videopresentationer, pressmeddelanden) kan enkelt l\u00e4ggas upp under respektive meny.<\/p>\n<p>Erbjudandehandlingar (prospekt eller memorandum respektive teckningssedlar) blir enkla att ladda ner. F\u00f6r de investerare som vill ha tryckta prospekt eller memorandum hemskickade finns en automatisk best\u00e4llningsfunktion integrerad. \u00c4ven anm\u00e4lningar till investerartr\u00e4ffar kan administreras via portalen.<\/p>\n<p>Genom en v\u00e4lutvecklad statistikfunktion f\u00e5r bolaget detaljerad feedback p\u00e5 olika marknadsf\u00f6rings\u00e5tg\u00e4rder.<\/p>\n<h2><b>Om EmissionsTorget<\/b><\/h2>\n<p>EmissionsTorget drivs av Vellenova AB, verksamt inom publik kapitalanskaffning, med s\u00e4rskilt fokus p\u00e5 \u00c4garskifte med publikt kapital. Mer om Vellenova AB hittar du p\u00e5 <a href=\"http:\/\/www.vellenova.se\">www.vellenova.se<\/a>. Mer om \u00c4garskifte med publikt kapital hittar du p\u00e5 <a href=\"http:\/\/www.\u00e4garskifte.net\" target=\"_blank\">www.\u00e4garskifte.net<\/a>.<\/p>\n<p>V\u00e4lkommen att ta kontakt med oss om hur vi kan hj\u00e4lpa till i er kapitalanskaffning.<\/p>\n","protected":false},"excerpt":{"rendered":"<p>S\u00e5 h\u00e4r kan f\u00f6retag anv\u00e4nda EmissionsTorget EmissionsTorget f\u00f6renklar f\u00f6r investerarna och s\u00e4nker marknadsf\u00f6ringskostnaderna f\u00f6r bolaget. P\u00e5 EmissionsTorget presenteras erbjudandet p\u00e5 ett samlat och trevligt s\u00e4tt. All tillh\u00f6rande information (videopresentationer, pressmeddelanden) kan enkelt l\u00e4ggas upp under respektive meny. Erbjudandehandlingar (prospekt eller memorandum respektive teckningssedlar) blir enkla att ladda ner. F\u00f6r de investerare som vill ha tryckta [&hellip;]<\/p>\n","protected":false},"author":1,"featured_media":0,"parent":0,"menu_order":0,"comment_status":"closed","ping_status":"open","template":"","meta":[],"_links":{"self":[{"href":"https:\/\/emtorget.se\/portal\/wp-json\/wp\/v2\/pages\/9"}],"collection":[{"href":"https:\/\/emtorget.se\/portal\/wp-json\/wp\/v2\/pages"}],"about":[{"href":"https:\/\/emtorget.se\/portal\/wp-json\/wp\/v2\/types\/page"}],"author":[{"embeddable":true,"href":"https:\/\/emtorget.se\/portal\/wp-json\/wp\/v2\/users\/1"}],"replies":[{"embeddable":true,"href":"https:\/\/emtorget.se\/portal\/wp-json\/wp\/v2\/comments?post=9"}],"version-history":[{"count":4,"href":"https:\/\/emtorget.se\/portal\/wp-json\/wp\/v2\/pages\/9\/revisions"}],"predecessor-version":[{"id":595,"href":"https:\/\/emtorget.se\/portal\/wp-json\/wp\/v2\/pages\/9\/revisions\/595"}],"wp:attachment":[{"href":"https:\/\/emtorget.se\/portal\/wp-json\/wp\/v2\/media?parent=9"}],"curies":[{"name":"wp","href":"https:\/\/api.w.org\/{rel}","templated":true}]}}